 {"id":5716,"date":"2022-03-23T14:01:13","date_gmt":"2022-03-23T12:01:13","guid":{"rendered":"https:\/\/helsinginpuistot.fi\/hp\/?page_id=5716"},"modified":"2026-04-08T15:18:46","modified_gmt":"2026-04-08T12:18:46","slug":"helsingfors-parker","status":"publish","type":"page","link":"https:\/\/vihreatsylit.fi\/sv\/","title":{"rendered":"Gr\u00f6na famnar"},"content":{"rendered":"\n<p>\u00e4r Helsingfors stads webbplats f\u00f6r stadens parker. Den tar dig p\u00e5 promenader i huvudstadens f\u00f6rtjusande och m\u00e5ngfacetterade parker.<\/p>\n","protected":false},"excerpt":{"rendered":"<p>\u00e4r Helsingfors stads webbplats f\u00f6r stadens parker. Den tar dig p\u00e5 promenader i huvudstadens f\u00f6rtjusande [&hellip;]<\/p>\n","protected":false},"author":1,"featured_media":0,"parent":0,"menu_order":0,"comment_status":"closed","ping_status":"closed","template":"","meta":{"_acf_changed":false,"advanced_seo_description":"","jetpack_seo_html_title":"","jetpack_seo_noindex":false,"footnotes":""},"class_list":["post-5716","page","type-page","status-publish","hentry"],"acf":[],"jetpack_sharing_enabled":true,"_links":{"self":[{"href":"https:\/\/vihreatsylit.fi\/sv\/wp-json\/wp\/v2\/pages\/5716","targetHints":{"allow":["GET"]}}],"collection":[{"href":"https:\/\/vihreatsylit.fi\/sv\/wp-json\/wp\/v2\/pages"}],"about":[{"href":"https:\/\/vihreatsylit.fi\/sv\/wp-json\/wp\/v2\/types\/page"}],"author":[{"embeddable":true,"href":"https:\/\/vihreatsylit.fi\/sv\/wp-json\/wp\/v2\/users\/1"}],"replies":[{"embeddable":true,"href":"https:\/\/vihreatsylit.fi\/sv\/wp-json\/wp\/v2\/comments?post=5716"}],"version-history":[{"count":76,"href":"https:\/\/vihreatsylit.fi\/sv\/wp-json\/wp\/v2\/pages\/5716\/revisions"}],"predecessor-version":[{"id":13162,"href":"https:\/\/vihreatsylit.fi\/sv\/wp-json\/wp\/v2\/pages\/5716\/revisions\/13162"}],"wp:attachment":[{"href":"https:\/\/vihreatsylit.fi\/sv\/wp-json\/wp\/v2\/media?parent=5716"}],"curies":[{"name":"wp","href":"https:\/\/api.w.org\/{rel}","templated":true}]}}