 {"id":12541,"date":"2025-02-06T16:54:32","date_gmt":"2025-02-06T14:54:32","guid":{"rendered":"https:\/\/puistokavelyt.wrkshp.fi\/?page_id=12541"},"modified":"2025-06-27T12:20:36","modified_gmt":"2025-06-27T09:20:36","slug":"tillganglighetsutlatande","status":"publish","type":"page","link":"https:\/\/vihreatsylit.fi\/sv\/tillganglighetsutlatande\/","title":{"rendered":"Tillg\u00e4nglighetsutl\u00e5tande"},"content":{"rendered":"\n<p>Detta tillg\u00e4nglighetsutl\u00e5tande g\u00e4ller webbplatsen Gr\u00f6na famnar (vihreatsylit.fi). Helsingfors stad har ansvar f\u00f6r webbplatsen. Detta utl\u00e5tande beskriver hur tillg\u00e4nglig webbplatsen \u00e4r och hur du kan ge oss respons om dess tillg\u00e4nglighet.<\/p>\n\n\n\n<h2 class=\"wp-block-heading\">Hur tillg\u00e4nglig \u00e4r denna webbplats?<\/h2>\n\n\n\n<p>Enligt lagen om tillhandah\u00e5llande av digitala tj\u00e4nster ska webbplatser f\u00f6r den offentliga f\u00f6rvaltningen vara tillg\u00e4ngliga, vilket betyder att alla ska ha lika m\u00f6jligheter att anv\u00e4nda dem.<\/p>\n\n\n\n<p>Webbplatsen uppfyller till st\u00f6rsta del de tillg\u00e4nglighetskriterier som lagen f\u00f6ruts\u00e4tter (WCAG-kriterierna 2.1, niv\u00e5 A och AA). Webbplatsen har vissa brister i tillg\u00e4ngligheten. Bristerna beskrivs noggrannare nedan.<\/p>\n\n\n\n<h3 class=\"wp-block-heading\">Inneh\u00e5ll som inte \u00e4r tillg\u00e4ngligt<\/h3>\n\n\n\n<p>Webbplatsen \u00e4r inte till alla delar tillg\u00e4nglig. Inneh\u00e5llet eller funktionerna som n\u00e4mns nedan uppfyller inte alla tillg\u00e4nglighetskriterier som fastst\u00e4lls i lagen. Vi \u00e5tg\u00e4rdar fortl\u00f6pande de brister i tillg\u00e4ngligheten som vi uppt\u00e4cker. Vi uppdaterar f\u00f6rteckningen \u00f6ver bristerna i tillg\u00e4ngligheten i det h\u00e4r utl\u00e5tandet vartefter vi \u00e5tg\u00e4rdar bristerna.<\/p>\n\n\n\n<ul class=\"wp-block-list\">\n<li>Alla bilder har inte en textmotsvarighet. (WCAG 1.1.1)<\/li>\n\n\n\n<li>Tj\u00e4nsten har inb\u00e4ddade kartor som inte \u00e4r tillg\u00e4ngliga. I forts\u00e4ttningen \u00e4r det meningen att de inb\u00e4ddade kartorna ska d\u00f6ljas f\u00f6r tekniska hj\u00e4lpmedel, eftersom den information som kartorna erbjuder \u00e4ven finns i tillg\u00e4nglig form.<\/li>\n<\/ul>\n\n\n\n<h3 class=\"wp-block-heading\">Utv\u00e4rdering av tillg\u00e4ngligheten&nbsp;<\/h3>\n\n\n\n<p>I utv\u00e4rderingen av tillg\u00e4ngligheten har man f\u00f6ljt Helsingfors stads arbetsordning och metoder som syftar till att s\u00e4kerst\u00e4lla tj\u00e4nstens tillg\u00e4nglighet i alla arbetsmoment.&nbsp;<\/p>\n\n\n\n<p>Tillg\u00e4ngligheten har kontrollerats genom sj\u00e4lvv\u00e4rdering. Tillg\u00e4ngligheten har kontrollerats med hj\u00e4lp av automatisk tillg\u00e4nglighetskontroll samt manuell kontroll av webbplatsen&nbsp;och dess inneh\u00e5ll.&nbsp;<\/p>\n\n\n\n<h2 class=\"wp-block-heading\" id=\"har-du-upptackt-brister-i-tillgangligheten-\">Har du uppt\u00e4ckt brister i tillg\u00e4ngligheten?<\/h2>\n\n\n\n<p>Vi f\u00f6rs\u00f6ker hela tiden f\u00f6rb\u00e4ttra webbplatsens tillg\u00e4nglighet. Ta kontakt med oss om du uppt\u00e4cker brister i tillg\u00e4ngligheten som inte har beskrivits p\u00e5 den h\u00e4r sidan eller om inneh\u00e5llet du beh\u00f6ver inte \u00e4r tillg\u00e4ngligt.&nbsp;<a href=\"https:\/\/palautteet.hel.fi\/sv\/\" target=\"_blank\" rel=\"noreferrer noopener\">Ge respons med den h\u00e4r responsblanketten<\/a>.<\/p>\n\n\n\n<h2 class=\"wp-block-heading\" id=\"tillganglighetstillsyn\">Tillg\u00e4nglighetstillsyn<\/h2>\n\n\n\n<p>Transport- och kommunikationsverket Traficom \u00f6vervakar att tillg\u00e4nglighetskraven f\u00f6ljs. Om du \u00e4r missn\u00f6jd med svaret eller om du inte f\u00e5tt n\u00e5got svar inom tv\u00e5 veckor, kan du g\u00f6ra en anm\u00e4lan till Transport- och kommunikationsverket Traficom. Transport- och kommunikationsverket Traficom meddelar detaljerat p\u00e5 sin webbplats hur man g\u00e5r till v\u00e4ga f\u00f6r att l\u00e4mna in en anm\u00e4lan och hur den handl\u00e4ggs.<\/p>\n\n\n\n<p>Transport- och kommunikationsverket Traficom<br>Enheten f\u00f6r tillsyn \u00f6ver digital tillg\u00e4nglighet<br>www.tillg\u00e4nglighetskrav.fi<br>tillganglighet@traficom.fi<br>telefonnummer v\u00e4xeln 029 534 5000<\/p>\n\n\n\n<p><a href=\"https:\/\/www.tillganglighetskrav.fi\/\" target=\"_blank\" rel=\"noreferrer noopener\">www.tillganglighetskrav.fi<\/a><\/p>\n\n\n\n<h2 class=\"wp-block-heading\">Uppgifter om tillg\u00e4nglighetsutl\u00e5tandet<\/h2>\n\n\n\n<p>Webbplatsen har publicerats 27.6.2025.\u00a0<\/p>\n\n\n\n<p>Utl\u00e5tandet har uppr\u00e4ttats 27.4.2025.<\/p>\n\n\n\n<p>Utl\u00e5tandet har uppdaterats senast 27.4.2025.\u00a0<\/p>\n\n\n\n<p><a href=\"https:\/\/www.finlex.fi\/sv\/laki\/alkup\/2019\/20190306\" target=\"_blank\" rel=\"noreferrer noopener\">Lagen om tillhandah\u00e5llande av digitala tj\u00e4nster (306\/2019)<\/a><\/p>\n","protected":false},"excerpt":{"rendered":"<p>Detta tillg\u00e4nglighetsutl\u00e5tande g\u00e4ller webbplatsen Gr\u00f6na famnar (vihreatsylit.fi). Helsingfors stad har ansvar f\u00f6r webbplatsen. Detta utl\u00e5tande [&hellip;]<\/p>\n","protected":false},"author":1,"featured_media":0,"parent":0,"menu_order":0,"comment_status":"closed","ping_status":"closed","template":"","meta":{"_acf_changed":false,"advanced_seo_description":"","jetpack_seo_html_title":"","jetpack_seo_noindex":false,"footnotes":""},"class_list":["post-12541","page","type-page","status-publish","hentry"],"acf":[],"jetpack_sharing_enabled":true,"_links":{"self":[{"href":"https:\/\/vihreatsylit.fi\/sv\/wp-json\/wp\/v2\/pages\/12541","targetHints":{"allow":["GET"]}}],"collection":[{"href":"https:\/\/vihreatsylit.fi\/sv\/wp-json\/wp\/v2\/pages"}],"about":[{"href":"https:\/\/vihreatsylit.fi\/sv\/wp-json\/wp\/v2\/types\/page"}],"author":[{"embeddable":true,"href":"https:\/\/vihreatsylit.fi\/sv\/wp-json\/wp\/v2\/users\/1"}],"replies":[{"embeddable":true,"href":"https:\/\/vihreatsylit.fi\/sv\/wp-json\/wp\/v2\/comments?post=12541"}],"version-history":[{"count":6,"href":"https:\/\/vihreatsylit.fi\/sv\/wp-json\/wp\/v2\/pages\/12541\/revisions"}],"predecessor-version":[{"id":12822,"href":"https:\/\/vihreatsylit.fi\/sv\/wp-json\/wp\/v2\/pages\/12541\/revisions\/12822"}],"wp:attachment":[{"href":"https:\/\/vihreatsylit.fi\/sv\/wp-json\/wp\/v2\/media?parent=12541"}],"curies":[{"name":"wp","href":"https:\/\/api.w.org\/{rel}","templated":true}]}}